{"id":5792,"date":"2017-03-06T14:54:42","date_gmt":"2017-03-06T14:54:42","guid":{"rendered":"http:\/\/vibez.elated-themes.com\/?page_id=5792"},"modified":"2023-05-18T15:54:00","modified_gmt":"2023-05-18T13:54:00","slug":"pole-dance","status":"publish","type":"page","link":"https:\/\/melvin-angarica.com\/","title":{"rendered":"L&rsquo;Acad\u00e9mie"},"content":{"rendered":"<p>[vc_row disable_background_image=\u00a0\u00bb\u00a0\u00bb enable_arrows_animation=\u00a0\u00bbno\u00a0\u00bb simple_background_image=\u00a0\u00bb8234&Prime;][vc_column][rev_slider_vc alias=\u00a0\u00bbslider-1&Prime;][\/vc_column][\/vc_row][vc_row row_content_width=\u00a0\u00bbgrid\u00a0\u00bb enable_arrows_animation=\u00a0\u00bbno\u00a0\u00bb parallax_background_image=\u00a0\u00bb5355&Prime; css=\u00a0\u00bb.vc_custom_1567875419449{padding-top: 111px !important;padding-bottom: 94px !important;}\u00a0\u00bb simple_background_color=\u00a0\u00bb#4f4f4f\u00a0\u00bb][vc_column]<div class=\"eltdf-section-title-holder  eltdf-st-standard eltdf-st-title-left eltdf-st-normal-space eltdf-st-disable-title-break eltdf-st-disable-text-break\" style=\"text-align: center\">\n\t<div class=\"eltdf-st-inner\">\n\t\t\t\t\t<h2 class=\"eltdf-st-title\" style=\"color: #ffffff\">\n\t\t\t\t<span class=\"eltdf-st-title-light\">L'ACADEMIE<\/span> <br \/>\t\t\t<\/h2>\n\t\t\t\t\t\t\t<h5 class=\"eltdf-st-text\" >\n\t\t\t\tBienvenue sur le site de l'Acad\u00e9mie de danse<br \/> Melvin Angarica <br \/>\t\t\t<\/h5>\n\t\t\t<\/div>\n<\/div>[vc_empty_space height=\u00a0\u00bb70px\u00a0\u00bb][vc_row_inner][vc_column_inner offset=\u00a0\u00bbvc_col-lg-offset-3 vc_col-lg-6&Prime;][vc_column_text]<strong>L&rsquo;Acad\u00e9mie de danse Melvin Angarica est une Acad\u00e9mie de danse latine qui a ouvert ses portes le 15 septembre 2012 \u00e0 la ZAC de Rivi\u00e8re-Roche \u00e0 Fort de France en Martinique.<\/strong><\/p>\n<p><strong>Professeur : Melvin Angarica Espinosa<\/strong><\/p>\n<p><strong>Plusieurs types de danses sont propos\u00e9s :<\/strong><\/p>\n<p><strong>Estilo Cubano , <\/strong><strong>Bachata , <\/strong><strong>Reggaeton , <\/strong><strong>Son Montuno , <\/strong><strong>Rumba , <\/strong><strong>Salsa Cubaine , <\/strong><strong>Latino Street , <\/strong><strong>Cha cha cha , Merengue<\/strong>[\/vc_column_text][\/vc_column_inner][\/vc_row_inner][\/vc_column][\/vc_row]<\/p>\n","protected":false},"excerpt":{"rendered":"<p>[vc_row disable_background_image=\u00a0\u00bb\u00a0\u00bb enable_arrows_animation=\u00a0\u00bbno\u00a0\u00bb simple_background_image=\u00a0\u00bb8234&Prime;][vc_column][rev_slider_vc alias=\u00a0\u00bbslider-1&Prime;][\/vc_column][\/vc_row][vc_row row_content_width=\u00a0\u00bbgrid\u00a0\u00bb enable_arrows_animation=\u00a0\u00bbno\u00a0\u00bb parallax_background_image=\u00a0\u00bb5355&Prime; css=\u00a0\u00bb.vc_custom_1567875419449{padding-top: 111px !important;padding-bottom: 94px !important;}\u00a0\u00bb simple_background_color=\u00a0\u00bb#4f4f4f\u00a0\u00bb][vc_column][vc_empty_space height=\u00a0\u00bb70px\u00a0\u00bb][vc_row_inner][vc_column_inner offset=\u00a0\u00bbvc_col-lg-offset-3 vc_col-lg-6&Prime;][vc_column_text]L&rsquo;Acad\u00e9mie de danse Melvin Angarica est une Acad\u00e9mie de danse latine qui a ouvert ses portes le 15 septembre 2012 \u00e0 la ZAC de Rivi\u00e8re-Roche \u00e0 Fort de France en Martinique. Professeur : Melvin Angarica Espinosa Plusieurs types de danses sont propos\u00e9s : Estilo Cubano , Bachata , Reggaeton , Son Montuno , Rumba , Salsa Cubaine , Latino Street , Cha cha cha , Merengue[\/vc_column_text][\/vc_column_inner][\/vc_row_inner][\/vc_column][\/vc_row]<\/p>\n","protected":false},"author":1,"featured_media":0,"parent":0,"menu_order":0,"comment_status":"closed","ping_status":"closed","template":"full-width.php","meta":{"footnotes":""},"_links":{"self":[{"href":"https:\/\/melvin-angarica.com\/index.php?rest_route=\/wp\/v2\/pages\/5792"}],"collection":[{"href":"https:\/\/melvin-angarica.com\/index.php?rest_route=\/wp\/v2\/pages"}],"about":[{"href":"https:\/\/melvin-angarica.com\/index.php?rest_route=\/wp\/v2\/types\/page"}],"author":[{"embeddable":true,"href":"https:\/\/melvin-angarica.com\/index.php?rest_route=\/wp\/v2\/users\/1"}],"replies":[{"embeddable":true,"href":"https:\/\/melvin-angarica.com\/index.php?rest_route=%2Fwp%2Fv2%2Fcomments&post=5792"}],"version-history":[{"count":31,"href":"https:\/\/melvin-angarica.com\/index.php?rest_route=\/wp\/v2\/pages\/5792\/revisions"}],"predecessor-version":[{"id":9893,"href":"https:\/\/melvin-angarica.com\/index.php?rest_route=\/wp\/v2\/pages\/5792\/revisions\/9893"}],"wp:attachment":[{"href":"https:\/\/melvin-angarica.com\/index.php?rest_route=%2Fwp%2Fv2%2Fmedia&parent=5792"}],"curies":[{"name":"wp","href":"https:\/\/api.w.org\/{rel}","templated":true}]}}